{"id":60913,"date":"2023-02-14T14:37:58","date_gmt":"2023-02-14T13:37:58","guid":{"rendered":"https:\/\/www.fortadvocaten.nl\/?page_id=60913"},"modified":"2024-09-26T14:46:42","modified_gmt":"2024-09-26T13:46:42","slug":"germandesk","status":"publish","type":"page","link":"https:\/\/www.actlegal-netherlands.com\/de\/germandesk\/","title":{"rendered":"German Desk"},"content":{"rendered":"<div class=\"wpb-content-wrapper\"><p>[vc_row full_width=&#8220;stretch_row_content&#8220; full_height=&#8220;yes&#8220; columns_placement=&#8220;bottom&#8220; parallax=&#8220;content-moving-fade&#8220; wpex_post_thumbnail_bg=&#8220;true&#8220; wpex_bg_overlay=&#8220;dark&#8220; wpmp_trigger_hook=&#8220;1.5&#8243; wpmp_reverse=&#8220;true&#8220; wpmp_class_css=&#8220;zoomInDown&#8220; wpmp_effect_scenes=&#8220;%5B%7B%22wpmp_title%22%3A%22Effect1%22%2C%22wpmp_duration%22%3A%221%22%2C%22wpmp_ease%22%3A%22Power1.easeIn%22%2C%22wpmp_display%22%3A%22block%22%2C%22wpmp_transform%22%3A%22top-left%22%2C%22yoyo%22%3A%22true%22%7D%5D&#8220; css=&#8220;.vc_custom_1675696614114{background-image: url(https:\/\/www.actlegal-netherlands.com\/wp-content\/uploads\/AdobeStock_89853505-6.jpeg?id=61032) !important;}&#8220; wpex_bg_overlay_opacity=&#8220;0.2&#8243; el_class=&#8220;header-bg-wit&#8220;][vc_column wpmp_trigger_hook=&#8220;0.5&#8243; wpmp_class_css=&#8220;magic&#8220; wpmp_effect_scenes=&#8220;%5B%7B%22wpmp_title%22%3A%22Effect1%22%2C%22wpmp_duration%22%3A%221%22%2C%22wpmp_ease%22%3A%22Power0.easeNone%22%2C%22wpmp_display%22%3A%22block%22%2C%22wpmp_transform%22%3A%22top-left%22%2C%22yoyo%22%3A%22true%22%7D%5D&#8220; min_height=&#8220;300&#8243; offset=&#8220;vc_col-lg-offset-1 vc_col-lg-10 vc_col-md-offset-1 vc_col-md-10 vc_col-sm-offset-1 vc_col-xs-12&#8243;][vcex_heading text=&#8220;act legal German Desk&#8220; responsive_text=&#8220;true&#8220; wpmp_trigger_hook=&#8220;0.5&#8243; wpmp_class_css=&#8220;magic&#8220; wpmp_effect_scenes=&#8220;%5B%7B%22wpmp_title%22%3A%22Effect1%22%2C%22wpmp_duration%22%3A%221%22%2C%22wpmp_ease%22%3A%22Power0.easeNone%22%2C%22wpmp_display%22%3A%22block%22%2C%22wpmp_transform%22%3A%22top-left%22%2C%22yoyo%22%3A%22true%22%7D%5D&#8220; tag=&#8220;h1&#8243; font_family=&#8220;Raleway&#8220; color=&#8220;#ffffff&#8220; font_weight=&#8220;bold&#8220; font_size=&#8220;d:60|tp:40|pp:30&#8243; el_class=&#8220;header-text&#8220;][\/vc_column][\/vc_row][vc_row full_width=&#8220;stretch_row_content&#8220; column_spacing=&#8220;30&#8243; remove_bottom_col_margin=&#8220;true&#8220; tablet_fullwidth_cols=&#8220;yes&#8220; css=&#8220;.vc_custom_1614764947304{margin-top: 20px !important;}&#8220;][vc_column css_animation=&#8220;fadeIn&#8220; css_animation_delay=&#8220;0.1&#8243; offset=&#8220;vc_col-lg-offset-3 vc_col-lg-6 vc_col-md-offset-1 vc_col-md-10 vc_col-sm-offset-0 vc_col-xs-12&#8243;][vc_column_text responsive_text=&#8220;true&#8220; css=&#8220;.vc_custom_1676381834086{margin-top: 20px !important;}&#8220; wpmp_trigger_hook=&#8220;0.5&#8243; wpmp_class_css=&#8220;magic&#8220; wpmp_effect_scenes=&#8220;%5B%7B%22wpmp_title%22%3A%22Effect1%22%2C%22wpmp_duration%22%3A%221%22%2C%22wpmp_ease%22%3A%22Power0.easeNone%22%2C%22wpmp_display%22%3A%22block%22%2C%22wpmp_transform%22%3A%22top-left%22%2C%22yoyo%22%3A%22true%22%7D%5D&#8220; text_align=&#8220;center&#8220;]<\/p>\n<p style=\"text-align: left;\">Das German Desk von Act Fort bietet niederl\u00e4ndischen Unternehmen und Investoren, die in Deutschland t\u00e4tig sind, umfassende rechtliche Unterst\u00fctzung und umgekehrt. Die Mitarbeiter des German Desk von act legal sind zweisprachig und seit vielen Jahren in der deutschen Gesch\u00e4ftswelt zu Hause. F\u00fcr unsere niederl\u00e4ndischen Mandanten, die auf dem deutschen Markt t\u00e4tig sind oder t\u00e4tig werden wollen, arbeiten wir eng mit unserem act legal-Partner in Frankfurt, AC Tischendorf Rechtsanw\u00e4lte, zusammen.<\/p>\n<p style=\"text-align: left;\">Wir \u00fcbernehmen f\u00fcr unsere deutschen und niederl\u00e4ndischen Mandanten auch regelm\u00e4\u00dfig eine koordinierende Rolle bei der effizienten Bew\u00e4ltigung von Problemen, die (scheinbar) keine direkte juristische Komponente haben, aber spezifische Unterst\u00fctzung durch Finanzdienstleister wie Wirtschaftspr\u00fcfer, Banken oder Corporate-Finance-Berater erfordern. In diesem Zusammenhang verf\u00fcgt act legal auch \u00fcber ein umfangreiches Netzwerk von professionellen Dienstleistern in den Niederlanden und in Deutschland, mit denen wir regelm\u00e4\u00dfig zusammenarbeiten.<\/p>\n<h4 id=\"de-rol-van-de-herstructurering\" style=\"text-align: left;\">Der act legal German Desk ber\u00e4t Sie gerne zu den folgenden Themen:<\/h4>\n<ul>\n<li style=\"text-align: left;\">Gesellschaftsrecht und Wirtschaftsrecht<\/li>\n<li style=\"text-align: left;\">Grenz\u00fcberschreitende Fusionen und \u00dcbernahmen<\/li>\n<li style=\"text-align: left;\">Grenz\u00fcberschreitende Umstrukturierung<\/li>\n<li style=\"text-align: left;\">Immobilientransaktionen<\/li>\n<li style=\"text-align: left;\">Pachtvertr\u00e4ge<\/li>\n<li style=\"text-align: left;\">Agentur-, Vertriebs- und Franchisevertr\u00e4ge<\/li>\n<li style=\"text-align: left;\">(Internationale) Handelsvertr\u00e4ge und Allgemeine Gesch\u00e4ftsbedingungen (AGB)<\/li>\n<li style=\"text-align: left;\">Beilegung von Streitigkeiten mit deutschen Parteien<\/li>\n<\/ul>\n<p>[\/vc_column_text][vc_empty_space height=&#8220;60px&#8220;][\/vc_column][\/vc_row][vc_row full_width=&#8220;stretch_row_content&#8220; content_placement=&#8220;middle&#8220; column_spacing=&#8220;0px&#8220; gap=&#8220;10&#8243; remove_bottom_col_margin=&#8220;true&#8220; tablet_fullwidth_cols=&#8220;yes&#8220; css=&#8220;.vc_custom_1614117166916{background-color: #3e4758 !important;}&#8220; min_height=&#8220;75&#8243;][vc_column css_animation_delay=&#8220;0.2&#8243; offset=&#8220;vc_col-lg-offset-3 vc_col-lg-6 vc_col-md-offset-1 vc_col-md-10 vc_col-sm-offset-0 vc_col-xs-12&#8243;][vc_column_text responsive_text=&#8220;true&#8220; line_height=&#8220;2&#8243; text_align=&#8220;center&#8220; color=&#8220;#ffffff&#8220;]<\/p>\n<h2 id=\"waarmee-kunnen-wij-u-helpen\">Womit k\u00f6nnen wir Ihnen helfen?[vcex_spacing size=&#8220;30px&#8220;]<\/h2>\n<p>[\/vc_column_text][\/vc_column][\/vc_row][vc_row][vc_column][vc_empty_space height=&#8220;10px&#8220;][\/vc_column][\/vc_row][vc_row full_width=&#8220;stretch_row_content&#8220; column_spacing=&#8220;30&#8243; remove_bottom_col_margin=&#8220;true&#8220; tablet_fullwidth_cols=&#8220;yes&#8220; css=&#8220;.vc_custom_1614117675425{margin-top: 20px !important;}&#8220;][vc_column width=&#8220;1\/3&#8243;][\/vc_column][vc_column width=&#8220;1\/3&#8243; offset=&#8220;vc_col-lg-offset-0 vc_col-lg-3 vc_col-md-offset-0 vc_col-md-5 vc_col-sm-offset-0 vc_col-xs-12&#8243;][vc_single_image image=&#8220;60337&#8243; img_size=&#8220;300&#215;300&#8243; alignment=&#8220;center&#8220;][vc_empty_space height=&#8220;20px&#8220;][vc_column_text css=&#8220;&#8220; width=&#8220;300&#8243; text_align=&#8220;center&#8220;]<\/p>\n<p style=\"text-align: center;\">Bei Fragen zur Arbeit des ACT Fort German Desk wenden Sie sich bitte an <a href=\"https:\/\/www.actlegal-netherlands.com\/de\/advocaten\/harro-schulz\/\" target=\"_blank\" rel=\"noopener\">Harro Schulz<\/a><\/p>\n<p style=\"text-align: center;\">E <a href=\"mailto:derk.vangeel@actlegal-netherlands.com\">harro.schulz@actlegal-netherlands.com<\/a><br \/>\nT <a href=\"tel:00310206645111\">+31 (0)20 664 511<\/a><\/p>\n<p>[\/vc_column_text][\/vc_column][vc_column width=&#8220;1\/3&#8243;][\/vc_column][\/vc_row]<\/p>\n<\/div>","protected":false},"excerpt":{"rendered":"<p>[vc_row full_width=&#8220;stretch_row_content&#8220; full_height=&#8220;yes&#8220; columns_placement=&#8220;bottom&#8220; parallax=&#8220;content-moving-fade&#8220; wpex_post_thumbnail_bg=&#8220;true&#8220; wpex_bg_overlay=&#8220;dark&#8220; wpmp_trigger_hook=&#8220;1.5&#8243; wpmp_reverse=&#8220;true&#8220; wpmp_class_css=&#8220;zoomInDown&#8220; wpmp_effect_scenes=&#8220;%5B%7B%22wpmp_title%22%3A%22Effect1%22%2C%22wpmp_duration%22%3A%221%22%2C%22wpmp_ease%22%3A%22Power1.easeIn%22%2C%22wpmp_display%22%3A%22block%22%2C%22wpmp_transform%22%3A%22top-left%22%2C%22yoyo%22%3A%22true%22%7D%5D&#8220; css=&#8220;.vc_custom_1675696614114{background-image: url(https:\/\/www.actlegal-netherlands.com\/wp-content\/uploads\/AdobeStock_89853505-6.jpeg?id=61032) !important;}&#8220; wpex_bg_overlay_opacity=&#8220;0.2&#8243; el_class=&#8220;header-bg-wit&#8220;][vc_column wpmp_trigger_hook=&#8220;0.5&#8243; wpmp_class_css=&#8220;magic&#8220; wpmp_effect_scenes=&#8220;%5B%7B%22wpmp_title%22%3A%22Effect1%22%2C%22wpmp_duration%22%3A%221%22%2C%22wpmp_ease%22%3A%22Power0.easeNone%22%2C%22wpmp_display%22%3A%22block%22%2C%22wpmp_transform%22%3A%22top-left%22%2C%22yoyo%22%3A%22true%22%7D%5D&#8220; min_height=&#8220;300&#8243; offset=&#8220;vc_col-lg-offset-1 vc_col-lg-10 vc_col-md-offset-1 vc_col-md-10 vc_col-sm-offset-1 vc_col-xs-12&#8243;][vcex_heading text=&#8220;act legal German Desk&#8220; responsive_text=&#8220;true&#8220; wpmp_trigger_hook=&#8220;0.5&#8243; wpmp_class_css=&#8220;magic&#8220; wpmp_effect_scenes=&#8220;%5B%7B%22wpmp_title%22%3A%22Effect1%22%2C%22wpmp_duration%22%3A%221%22%2C%22wpmp_ease%22%3A%22Power0.easeNone%22%2C%22wpmp_display%22%3A%22block%22%2C%22wpmp_transform%22%3A%22top-left%22%2C%22yoyo%22%3A%22true%22%7D%5D&#8220; tag=&#8220;h1&#8243; font_family=&#8220;Raleway&#8220; color=&#8220;#ffffff&#8220; font_weight=&#8220;bold&#8220; font_size=&#8220;d:60|tp:40|pp:30&#8243; el_class=&#8220;header-text&#8220;][\/vc_column][\/vc_row][vc_row full_width=&#8220;stretch_row_content&#8220; column_spacing=&#8220;30&#8243; remove_bottom_col_margin=&#8220;true&#8220; tablet_fullwidth_cols=&#8220;yes&#8220; css=&#8220;.vc_custom_1614764947304{margin-top: 20px !important;}&#8220;][vc_column css_animation=&#8220;fadeIn&#8220; css_animation_delay=&#8220;0.1&#8243; offset=&#8220;vc_col-lg-offset-3 vc_col-lg-6 vc_col-md-offset-1 vc_col-md-10 vc_col-sm-offset-0 vc_col-xs-12&#8243;][vc_column_text [&hellip;]<\/p>\n","protected":false},"author":87,"featured_media":0,"parent":0,"menu_order":0,"comment_status":"closed","ping_status":"closed","template":"","meta":{"footnotes":""},"class_list":["post-60913","page","type-page","status-publish","hentry"],"yoast_head":"<!-- This site is optimized with the Yoast SEO plugin v25.4 - https:\/\/yoast.com\/wordpress\/plugins\/seo\/ -->\n<title>German desk | act legal<\/title>\n<meta name=\"description\" content=\"Erfahren Sie mehr \u00fcber act Fort Lawyers, nehmen Sie unverbindlich Kontakt mit uns auf\" \/>\n<meta name=\"robots\" content=\"noindex, follow, max-snippet:-1, max-image-preview:large, max-video-preview:-1\" \/>\n<meta property=\"og:locale\" content=\"de_DE\" \/>\n<meta property=\"og:type\" content=\"article\" \/>\n<meta property=\"og:title\" content=\"German desk | act legal\" \/>\n<meta property=\"og:description\" content=\"Erfahren Sie mehr \u00fcber act Fort Lawyers, nehmen Sie unverbindlich Kontakt mit uns auf\" \/>\n<meta property=\"og:url\" content=\"https:\/\/www.actlegal-netherlands.com\/de\/germandesk\/\" \/>\n<meta property=\"og:site_name\" content=\"act legal | Specialisten in vastgoedrecht en ondernemingsrecht\" \/>\n<meta property=\"article:publisher\" content=\"http:\/\/www.facebook.com\/FortAdvocaten\" \/>\n<meta property=\"article:modified_time\" content=\"2024-09-26T13:46:42+00:00\" \/>\n<meta name=\"twitter:card\" content=\"summary_large_image\" \/>\n<meta name=\"twitter:site\" content=\"@FortAdvocaten\" \/>\n<meta name=\"twitter:label1\" content=\"Gesch\u00e4tzte Lesezeit\" \/>\n\t<meta name=\"twitter:data1\" content=\"2\u00a0Minuten\" \/>\n<script type=\"application\/ld+json\" class=\"yoast-schema-graph\">{\"@context\":\"https:\/\/schema.org\",\"@graph\":[{\"@type\":\"WebPage\",\"@id\":\"https:\/\/www.actlegal-netherlands.com\/de\/germandesk\/\",\"url\":\"https:\/\/www.actlegal-netherlands.com\/de\/germandesk\/\",\"name\":\"German desk | act legal\",\"isPartOf\":{\"@id\":\"https:\/\/www.actlegal-netherlands.com\/#website\"},\"datePublished\":\"2023-02-14T13:37:58+00:00\",\"dateModified\":\"2024-09-26T13:46:42+00:00\",\"description\":\"Erfahren Sie mehr \u00fcber act Fort Lawyers, nehmen Sie unverbindlich Kontakt mit uns auf\",\"breadcrumb\":{\"@id\":\"https:\/\/www.actlegal-netherlands.com\/de\/germandesk\/#breadcrumb\"},\"inLanguage\":\"de\",\"potentialAction\":[{\"@type\":\"ReadAction\",\"target\":[\"https:\/\/www.actlegal-netherlands.com\/de\/germandesk\/\"]}]},{\"@type\":\"BreadcrumbList\",\"@id\":\"https:\/\/www.actlegal-netherlands.com\/de\/germandesk\/#breadcrumb\",\"itemListElement\":[{\"@type\":\"ListItem\",\"position\":1,\"name\":\"Home\",\"item\":\"https:\/\/www.actlegal-netherlands.com\/de\/\"},{\"@type\":\"ListItem\",\"position\":2,\"name\":\"German Desk\"}]},{\"@type\":\"WebSite\",\"@id\":\"https:\/\/www.actlegal-netherlands.com\/#website\",\"url\":\"https:\/\/www.actlegal-netherlands.com\/\",\"name\":\"act legal | Specialisten in vastgoedrecht en ondernemingsrecht\",\"description\":\"act legal, specialist in vastgoedrecht, ondernemingsrecht, insolventierecht &amp; herstructurering, arbeidsrecht, franchiserecht en omgevingsrecht.\",\"publisher\":{\"@id\":\"https:\/\/www.actlegal-netherlands.com\/#organization\"},\"potentialAction\":[{\"@type\":\"SearchAction\",\"target\":{\"@type\":\"EntryPoint\",\"urlTemplate\":\"https:\/\/www.actlegal-netherlands.com\/?s={search_term_string}\"},\"query-input\":{\"@type\":\"PropertyValueSpecification\",\"valueRequired\":true,\"valueName\":\"search_term_string\"}}],\"inLanguage\":\"de\"},{\"@type\":\"Organization\",\"@id\":\"https:\/\/www.actlegal-netherlands.com\/#organization\",\"name\":\"Fort Advocaten\",\"url\":\"https:\/\/www.actlegal-netherlands.com\/\",\"logo\":{\"@type\":\"ImageObject\",\"inLanguage\":\"de\",\"@id\":\"https:\/\/www.actlegal-netherlands.com\/#\/schema\/logo\/image\/\",\"url\":\"\",\"contentUrl\":\"\",\"caption\":\"Fort Advocaten\"},\"image\":{\"@id\":\"https:\/\/www.actlegal-netherlands.com\/#\/schema\/logo\/image\/\"},\"sameAs\":[\"http:\/\/www.facebook.com\/FortAdvocaten\",\"https:\/\/x.com\/FortAdvocaten\",\"https:\/\/www.instagram.com\/fortadvocaten\/\",\"https:\/\/www.linkedin.com\/company\/fort-advocaten\",\"https:\/\/www.youtube.com\/channel\/UCSVlFm72wDiKCplICr6wXzg\"]}]}<\/script>\n<!-- \/ Yoast SEO plugin. -->","yoast_head_json":{"title":"German desk | act legal","description":"Erfahren Sie mehr \u00fcber act Fort Lawyers, nehmen Sie unverbindlich Kontakt mit uns auf","robots":{"index":"noindex","follow":"follow","max-snippet":"max-snippet:-1","max-image-preview":"max-image-preview:large","max-video-preview":"max-video-preview:-1"},"og_locale":"de_DE","og_type":"article","og_title":"German desk | act legal","og_description":"Erfahren Sie mehr \u00fcber act Fort Lawyers, nehmen Sie unverbindlich Kontakt mit uns auf","og_url":"https:\/\/www.actlegal-netherlands.com\/de\/germandesk\/","og_site_name":"act legal | Specialisten in vastgoedrecht en ondernemingsrecht","article_publisher":"http:\/\/www.facebook.com\/FortAdvocaten","article_modified_time":"2024-09-26T13:46:42+00:00","twitter_card":"summary_large_image","twitter_site":"@FortAdvocaten","twitter_misc":{"Gesch\u00e4tzte Lesezeit":"2\u00a0Minuten"},"schema":{"@context":"https:\/\/schema.org","@graph":[{"@type":"WebPage","@id":"https:\/\/www.actlegal-netherlands.com\/de\/germandesk\/","url":"https:\/\/www.actlegal-netherlands.com\/de\/germandesk\/","name":"German desk | act legal","isPartOf":{"@id":"https:\/\/www.actlegal-netherlands.com\/#website"},"datePublished":"2023-02-14T13:37:58+00:00","dateModified":"2024-09-26T13:46:42+00:00","description":"Erfahren Sie mehr \u00fcber act Fort Lawyers, nehmen Sie unverbindlich Kontakt mit uns auf","breadcrumb":{"@id":"https:\/\/www.actlegal-netherlands.com\/de\/germandesk\/#breadcrumb"},"inLanguage":"de","potentialAction":[{"@type":"ReadAction","target":["https:\/\/www.actlegal-netherlands.com\/de\/germandesk\/"]}]},{"@type":"BreadcrumbList","@id":"https:\/\/www.actlegal-netherlands.com\/de\/germandesk\/#breadcrumb","itemListElement":[{"@type":"ListItem","position":1,"name":"Home","item":"https:\/\/www.actlegal-netherlands.com\/de\/"},{"@type":"ListItem","position":2,"name":"German Desk"}]},{"@type":"WebSite","@id":"https:\/\/www.actlegal-netherlands.com\/#website","url":"https:\/\/www.actlegal-netherlands.com\/","name":"act legal | Specialisten in vastgoedrecht en ondernemingsrecht","description":"act legal, specialist in vastgoedrecht, ondernemingsrecht, insolventierecht &amp; herstructurering, arbeidsrecht, franchiserecht en omgevingsrecht.","publisher":{"@id":"https:\/\/www.actlegal-netherlands.com\/#organization"},"potentialAction":[{"@type":"SearchAction","target":{"@type":"EntryPoint","urlTemplate":"https:\/\/www.actlegal-netherlands.com\/?s={search_term_string}"},"query-input":{"@type":"PropertyValueSpecification","valueRequired":true,"valueName":"search_term_string"}}],"inLanguage":"de"},{"@type":"Organization","@id":"https:\/\/www.actlegal-netherlands.com\/#organization","name":"Fort Advocaten","url":"https:\/\/www.actlegal-netherlands.com\/","logo":{"@type":"ImageObject","inLanguage":"de","@id":"https:\/\/www.actlegal-netherlands.com\/#\/schema\/logo\/image\/","url":"","contentUrl":"","caption":"Fort Advocaten"},"image":{"@id":"https:\/\/www.actlegal-netherlands.com\/#\/schema\/logo\/image\/"},"sameAs":["http:\/\/www.facebook.com\/FortAdvocaten","https:\/\/x.com\/FortAdvocaten","https:\/\/www.instagram.com\/fortadvocaten\/","https:\/\/www.linkedin.com\/company\/fort-advocaten","https:\/\/www.youtube.com\/channel\/UCSVlFm72wDiKCplICr6wXzg"]}]}},"_links":{"self":[{"href":"https:\/\/www.actlegal-netherlands.com\/de\/wp-json\/wp\/v2\/pages\/60913","targetHints":{"allow":["GET"]}}],"collection":[{"href":"https:\/\/www.actlegal-netherlands.com\/de\/wp-json\/wp\/v2\/pages"}],"about":[{"href":"https:\/\/www.actlegal-netherlands.com\/de\/wp-json\/wp\/v2\/types\/page"}],"author":[{"embeddable":true,"href":"https:\/\/www.actlegal-netherlands.com\/de\/wp-json\/wp\/v2\/users\/87"}],"replies":[{"embeddable":true,"href":"https:\/\/www.actlegal-netherlands.com\/de\/wp-json\/wp\/v2\/comments?post=60913"}],"version-history":[{"count":5,"href":"https:\/\/www.actlegal-netherlands.com\/de\/wp-json\/wp\/v2\/pages\/60913\/revisions"}],"predecessor-version":[{"id":66578,"href":"https:\/\/www.actlegal-netherlands.com\/de\/wp-json\/wp\/v2\/pages\/60913\/revisions\/66578"}],"wp:attachment":[{"href":"https:\/\/www.actlegal-netherlands.com\/de\/wp-json\/wp\/v2\/media?parent=60913"}],"curies":[{"name":"wp","href":"https:\/\/api.w.org\/{rel}","templated":true}]}}